{"id":2556,"date":"2022-11-10T13:42:15","date_gmt":"2022-11-10T12:42:15","guid":{"rendered":"https:\/\/www.osjenka.si\/ps-gorice\/?page_id=2556"},"modified":"2024-09-24T09:21:18","modified_gmt":"2024-09-24T07:21:18","slug":"knjiznica","status":"publish","type":"page","link":"https:\/\/www.osjenka.si\/ps-gorice\/knjiznica\/","title":{"rendered":"KNJI\u017dNICA"},"content":{"rendered":"<p><strong>VPIS IN NA\u010cIN IZPOSOJE<\/strong><\/p>\n<p>Ob vpisu na na\u0161o \u0161olo vsak u\u010denec postane \u010dlan \u0161olske knji\u017enice. \u010clanarine ni. U\u010denci 1. razreda si lahko naenkrat izposodijo 2 knjigi, u\u010denci 2. razreda 3 knjige, u\u010denci ostalih razredov pa najve\u010d 5 knjig. Rok izposoje je\u00a021 dni. Rok za izposojo je mo\u010d podalj\u0161ati za eno izposojevalno obdobje. Nerednim uporabnikom se izposoja omogo\u010di \u0161ele tedaj, ko poravnajo vse obveznosti, tj. ko vrnejo gradivo, ki mu je \u017ee potekel rok izposoje. Vse gradivo je potrebno vrniti v knji\u017enico do konca \u0161olskega leta oz. do podelitve spri\u010deval.<\/p>\n<p>Knji\u017eni\u010dno gradivo, ki si ga uporabniki ne morejo izposoditi na dom:<\/p>\n<ol>\n<li>gradivo, ki je zaradi svojega formata ali vsebine namenjeno le \u010ditalni\u0161ki uporabi,<\/li>\n<li>periodi\u010dni tisk,<\/li>\n<li>bibliografije, enciklopedije, leksikoni, slovarji in druga referen\u010dna literatura.<\/li>\n<\/ol>\n<p><strong>Urnik izposoje v knji\u017enici Gori\u010de je slede\u010d:<\/strong><\/p>\n<p><strong>TOR: 9.30-12.00<br \/>\n<\/strong><strong>\u010cET: 9.50-12.50<\/strong><\/p>\n<p><strong>Po\u0161kodovano ali izgubljeno knji\u017eni\u010dno gradivo uporabnik nadomesti z enako novo knji\u017eni\u010dno enoto ali ga nadomesti z drugim, vsebinsko enakovrednim gradivom.<\/strong><\/p>\n<p>&nbsp;<\/p>\n<hr \/>\n<p><strong>KNJI\u017dNI\u010cNI RED<\/strong><\/p>\n<p>Knji\u017enica izpolnjuje svoje naloge do uporabnikov tako, da:<\/p>\n<ol>\n<li>izposoja knji\u017eni\u010dno gradivo iz knji\u017enice,<\/li>\n<li>jih usposablja za u\u010dinkovito uporabo knji\u017enice in informacijskih virov,<\/li>\n<li>daje informacije iz \u0161olske zbirke podatkov, katalogov in iz vzajemne katalo\u017ene baze podatkov COBISS.SI.<\/li>\n<\/ol>\n<p><strong>Na splo\u0161no veljajo v knji\u017enici enaka pravila obna\u0161anja kot drugod po \u0161oli.\u00a0\u010ce uporabnik ne upo\u0161teva knji\u017eni\u010dnega reda, mora za nekaj \u010dasa zapustiti knji\u017eni\u010dni prostor.<\/strong><\/p>\n<p>Kadar v knji\u017enici potekajo ure knji\u017eni\u010dnih informacijskih znanja ali imajo u\u010dne ure drugi u\u010ditelji, je knji\u017enica zaprta za uporabnike, obvestilo pa visi na vratih \u0161olske knji\u017enice.<\/p>\n<hr \/>\n<p><strong>Kaj v knji\u017enici po\u010dnem?<\/strong><\/p>\n<ul>\n<li>Berem knjige in revije.<\/li>\n<li>Pi\u0161em doma\u010do nalogo.<\/li>\n<li>Se u\u010dim.<\/li>\n<li>Pi\u0161em referate.<\/li>\n<li>Re\u0161ujem uganke, kvize.<\/li>\n<li>Se sre\u010dujem s prijatelji.<\/li>\n<li>Najdem svoj mir.<\/li>\n<li>Pomagam mlaj\u0161im u\u010dencem.<\/li>\n<\/ul>\n<hr \/>\n<p><strong>\u010cesa v knji\u017enici ne po\u010dnem?<\/strong><\/p>\n<ul>\n<li>Ne trgam in ne uni\u010dujem knjig.<\/li>\n<li>Se ne prepiram in pretepam.<\/li>\n<li>Ne kri\u010dim.<\/li>\n<li>Ne razgrajam.<\/li>\n<li>Ne jem in ne pijem.<\/li>\n<li>Ne uporabljam mobilnega telefona.<\/li>\n<li>Ne preklinjam.<\/li>\n<li>Se ne nor\u010dujem iz mlaj\u0161ih.<\/li>\n<\/ul>\n<hr \/>\n<p>&nbsp;<\/p>\n","protected":false},"excerpt":{"rendered":"<p>VPIS IN NA\u010cIN IZPOSOJE Ob vpisu na na\u0161o \u0161olo vsak u\u010denec postane \u010dlan \u0161olske knji\u017enice. \u010clanarine ni. U\u010denci 1. razreda si lahko naenkrat izposodijo 2 knjigi, u\u010denci 2. razreda 3 knjige, u\u010denci ostalih razredov pa najve\u010d 5 knjig. Rok izposoje je\u00a021 dni. Rok za izposojo je mo\u010d podalj\u0161ati za eno izposojevalno obdobje. Nerednim uporabnikom se izposoja omogo\u010di \u0161ele tedaj, ko poravnajo vse obveznosti, tj. ko vrnejo gradivo, ki mu je \u017ee potekel rok izposoje. Vse gradivo je potrebno vrniti v knji\u017enico do konca \u0161olskega leta oz. do podelitve spri\u010deval. Knji\u017eni\u010dno gradivo, ki si ga uporabniki ne morejo izposoditi na dom: gradivo, [&hellip;]<\/p>\n","protected":false},"author":3,"featured_media":0,"parent":0,"menu_order":0,"comment_status":"closed","ping_status":"closed","template":"100-width.php","meta":{"footnotes":""},"class_list":["post-2556","page","type-page","status-publish","hentry"],"yoast_head":"<!-- This site is optimized with the Yoast SEO plugin v19.11 - https:\/\/yoast.com\/wordpress\/plugins\/seo\/ -->\n<title>KNJI\u017dNICA - P\u0160 Gori\u010de<\/title>\n<meta name=\"robots\" content=\"index, follow, max-snippet:-1, max-image-preview:large, max-video-preview:-1\" \/>\n<link rel=\"canonical\" href=\"https:\/\/www.osjenka.si\/ps-gorice\/knjiznica\/\" \/>\n<meta property=\"og:locale\" content=\"sl_SI\" \/>\n<meta property=\"og:type\" content=\"article\" \/>\n<meta property=\"og:title\" content=\"KNJI\u017dNICA - P\u0160 Gori\u010de\" \/>\n<meta property=\"og:description\" content=\"VPIS IN NA\u010cIN IZPOSOJE Ob vpisu na na\u0161o \u0161olo vsak u\u010denec postane \u010dlan \u0161olske knji\u017enice. \u010clanarine ni. U\u010denci 1. razreda si lahko naenkrat izposodijo 2 knjigi, u\u010denci 2. razreda 3 knjige, u\u010denci ostalih razredov pa najve\u010d 5 knjig. Rok izposoje je\u00a021 dni. Rok za izposojo je mo\u010d podalj\u0161ati za eno izposojevalno obdobje. Nerednim uporabnikom se izposoja omogo\u010di \u0161ele tedaj, ko poravnajo vse obveznosti, tj. ko vrnejo gradivo, ki mu je \u017ee potekel rok izposoje. Vse gradivo je potrebno vrniti v knji\u017enico do konca \u0161olskega leta oz. do podelitve spri\u010deval. Knji\u017eni\u010dno gradivo, ki si ga uporabniki ne morejo izposoditi na dom: gradivo, [&hellip;]\" \/>\n<meta property=\"og:url\" content=\"https:\/\/www.osjenka.si\/ps-gorice\/knjiznica\/\" \/>\n<meta property=\"og:site_name\" content=\"P\u0160 Gori\u010de\" \/>\n<meta property=\"article:modified_time\" content=\"2024-09-24T07:21:18+00:00\" \/>\n<meta name=\"twitter:card\" content=\"summary_large_image\" \/>\n<meta name=\"twitter:label1\" content=\"Est. reading time\" \/>\n\t<meta name=\"twitter:data1\" content=\"2 minuti\" \/>\n<script type=\"application\/ld+json\" class=\"yoast-schema-graph\">{\"@context\":\"https:\/\/schema.org\",\"@graph\":[{\"@type\":\"WebPage\",\"@id\":\"https:\/\/www.osjenka.si\/ps-gorice\/knjiznica\/\",\"url\":\"https:\/\/www.osjenka.si\/ps-gorice\/knjiznica\/\",\"name\":\"KNJI\u017dNICA - P\u0160 Gori\u010de\",\"isPartOf\":{\"@id\":\"https:\/\/www.osjenka.si\/ps-gorice\/#website\"},\"datePublished\":\"2022-11-10T12:42:15+00:00\",\"dateModified\":\"2024-09-24T07:21:18+00:00\",\"breadcrumb\":{\"@id\":\"https:\/\/www.osjenka.si\/ps-gorice\/knjiznica\/#breadcrumb\"},\"inLanguage\":\"sl-SI\",\"potentialAction\":[{\"@type\":\"ReadAction\",\"target\":[\"https:\/\/www.osjenka.si\/ps-gorice\/knjiznica\/\"]}]},{\"@type\":\"BreadcrumbList\",\"@id\":\"https:\/\/www.osjenka.si\/ps-gorice\/knjiznica\/#breadcrumb\",\"itemListElement\":[{\"@type\":\"ListItem\",\"position\":1,\"name\":\"Home\",\"item\":\"https:\/\/www.osjenka.si\/ps-gorice\/\"},{\"@type\":\"ListItem\",\"position\":2,\"name\":\"KNJI\u017dNICA\"}]},{\"@type\":\"WebSite\",\"@id\":\"https:\/\/www.osjenka.si\/ps-gorice\/#website\",\"url\":\"https:\/\/www.osjenka.si\/ps-gorice\/\",\"name\":\"P\u0160 Gori\u010de\",\"description\":\"\",\"potentialAction\":[{\"@type\":\"SearchAction\",\"target\":{\"@type\":\"EntryPoint\",\"urlTemplate\":\"https:\/\/www.osjenka.si\/ps-gorice\/?s={search_term_string}\"},\"query-input\":\"required name=search_term_string\"}],\"inLanguage\":\"sl-SI\"}]}<\/script>\n<!-- \/ Yoast SEO plugin. -->","yoast_head_json":{"title":"KNJI\u017dNICA - P\u0160 Gori\u010de","robots":{"index":"index","follow":"follow","max-snippet":"max-snippet:-1","max-image-preview":"max-image-preview:large","max-video-preview":"max-video-preview:-1"},"canonical":"https:\/\/www.osjenka.si\/ps-gorice\/knjiznica\/","og_locale":"sl_SI","og_type":"article","og_title":"KNJI\u017dNICA - P\u0160 Gori\u010de","og_description":"VPIS IN NA\u010cIN IZPOSOJE Ob vpisu na na\u0161o \u0161olo vsak u\u010denec postane \u010dlan \u0161olske knji\u017enice. \u010clanarine ni. U\u010denci 1. razreda si lahko naenkrat izposodijo 2 knjigi, u\u010denci 2. razreda 3 knjige, u\u010denci ostalih razredov pa najve\u010d 5 knjig. Rok izposoje je\u00a021 dni. Rok za izposojo je mo\u010d podalj\u0161ati za eno izposojevalno obdobje. Nerednim uporabnikom se izposoja omogo\u010di \u0161ele tedaj, ko poravnajo vse obveznosti, tj. ko vrnejo gradivo, ki mu je \u017ee potekel rok izposoje. Vse gradivo je potrebno vrniti v knji\u017enico do konca \u0161olskega leta oz. do podelitve spri\u010deval. Knji\u017eni\u010dno gradivo, ki si ga uporabniki ne morejo izposoditi na dom: gradivo, [&hellip;]","og_url":"https:\/\/www.osjenka.si\/ps-gorice\/knjiznica\/","og_site_name":"P\u0160 Gori\u010de","article_modified_time":"2024-09-24T07:21:18+00:00","twitter_card":"summary_large_image","twitter_misc":{"Est. reading time":"2 minuti"},"schema":{"@context":"https:\/\/schema.org","@graph":[{"@type":"WebPage","@id":"https:\/\/www.osjenka.si\/ps-gorice\/knjiznica\/","url":"https:\/\/www.osjenka.si\/ps-gorice\/knjiznica\/","name":"KNJI\u017dNICA - P\u0160 Gori\u010de","isPartOf":{"@id":"https:\/\/www.osjenka.si\/ps-gorice\/#website"},"datePublished":"2022-11-10T12:42:15+00:00","dateModified":"2024-09-24T07:21:18+00:00","breadcrumb":{"@id":"https:\/\/www.osjenka.si\/ps-gorice\/knjiznica\/#breadcrumb"},"inLanguage":"sl-SI","potentialAction":[{"@type":"ReadAction","target":["https:\/\/www.osjenka.si\/ps-gorice\/knjiznica\/"]}]},{"@type":"BreadcrumbList","@id":"https:\/\/www.osjenka.si\/ps-gorice\/knjiznica\/#breadcrumb","itemListElement":[{"@type":"ListItem","position":1,"name":"Home","item":"https:\/\/www.osjenka.si\/ps-gorice\/"},{"@type":"ListItem","position":2,"name":"KNJI\u017dNICA"}]},{"@type":"WebSite","@id":"https:\/\/www.osjenka.si\/ps-gorice\/#website","url":"https:\/\/www.osjenka.si\/ps-gorice\/","name":"P\u0160 Gori\u010de","description":"","potentialAction":[{"@type":"SearchAction","target":{"@type":"EntryPoint","urlTemplate":"https:\/\/www.osjenka.si\/ps-gorice\/?s={search_term_string}"},"query-input":"required name=search_term_string"}],"inLanguage":"sl-SI"}]}},"_links":{"self":[{"href":"https:\/\/www.osjenka.si\/ps-gorice\/wp-json\/wp\/v2\/pages\/2556","targetHints":{"allow":["GET"]}}],"collection":[{"href":"https:\/\/www.osjenka.si\/ps-gorice\/wp-json\/wp\/v2\/pages"}],"about":[{"href":"https:\/\/www.osjenka.si\/ps-gorice\/wp-json\/wp\/v2\/types\/page"}],"author":[{"embeddable":true,"href":"https:\/\/www.osjenka.si\/ps-gorice\/wp-json\/wp\/v2\/users\/3"}],"replies":[{"embeddable":true,"href":"https:\/\/www.osjenka.si\/ps-gorice\/wp-json\/wp\/v2\/comments?post=2556"}],"version-history":[{"count":4,"href":"https:\/\/www.osjenka.si\/ps-gorice\/wp-json\/wp\/v2\/pages\/2556\/revisions"}],"predecessor-version":[{"id":3909,"href":"https:\/\/www.osjenka.si\/ps-gorice\/wp-json\/wp\/v2\/pages\/2556\/revisions\/3909"}],"wp:attachment":[{"href":"https:\/\/www.osjenka.si\/ps-gorice\/wp-json\/wp\/v2\/media?parent=2556"}],"curies":[{"name":"wp","href":"https:\/\/api.w.org\/{rel}","templated":true}]}}