{"id":2560,"date":"2022-11-10T14:04:10","date_gmt":"2022-11-10T13:04:10","guid":{"rendered":"https:\/\/www.osjenka.si\/ps-gorice\/?page_id=2560"},"modified":"2024-09-24T09:28:32","modified_gmt":"2024-09-24T07:28:32","slug":"urnik-izposoje","status":"publish","type":"page","link":"https:\/\/www.osjenka.si\/ps-gorice\/urnik-izposoje\/","title":{"rendered":"Urnik izposoje"},"content":{"rendered":"<p style=\"text-align: center\"><strong>URNIK IZPOSOJE P\u0160 GORI\u010cE<\/strong><\/p>\n<p style=\"text-align: center\"><strong>TOREK<br \/>\n<\/strong><strong>9.30 &#8211; 12.00<\/strong><\/p>\n<p style=\"text-align: center\"><strong>\u010cETRTEK<br \/>\n<\/strong><strong>9.50 &#8211; 12.50<\/strong><\/p>\n<p style=\"text-align: center\"><img decoding=\"async\" class=\"lazyload alignnone size-fusion-600 wp-image-2561\" src=\"https:\/\/www.osjenka.si\/ps-gorice\/wp-content\/uploads\/sites\/2\/2022\/11\/UrnikKNJ-600x601.jpg\" data-orig-src=\"https:\/\/www.osjenka.si\/ps-gorice\/wp-content\/uploads\/sites\/2\/2022\/11\/UrnikKNJ-600x601.jpg\" alt=\"\" width=\"600\" height=\"601\" srcset=\"data:image\/svg+xml,%3Csvg%20xmlns%3D%27http%3A%2F%2Fwww.w3.org%2F2000%2Fsvg%27%20width%3D%27600%27%20height%3D%27601%27%20viewBox%3D%270%200%20600%20601%27%3E%3Crect%20width%3D%27600%27%20height%3D%27601%27%20fill-opacity%3D%220%22%2F%3E%3C%2Fsvg%3E\" data-srcset=\"https:\/\/www.osjenka.si\/ps-gorice\/wp-content\/uploads\/sites\/2\/2022\/11\/UrnikKNJ-66x66.jpg 66w, https:\/\/www.osjenka.si\/ps-gorice\/wp-content\/uploads\/sites\/2\/2022\/11\/UrnikKNJ-150x150.jpg 150w, https:\/\/www.osjenka.si\/ps-gorice\/wp-content\/uploads\/sites\/2\/2022\/11\/UrnikKNJ-200x200.jpg 200w, https:\/\/www.osjenka.si\/ps-gorice\/wp-content\/uploads\/sites\/2\/2022\/11\/UrnikKNJ-300x300.jpg 300w, https:\/\/www.osjenka.si\/ps-gorice\/wp-content\/uploads\/sites\/2\/2022\/11\/UrnikKNJ-400x401.jpg 400w, https:\/\/www.osjenka.si\/ps-gorice\/wp-content\/uploads\/sites\/2\/2022\/11\/UrnikKNJ-600x601.jpg 600w, https:\/\/www.osjenka.si\/ps-gorice\/wp-content\/uploads\/sites\/2\/2022\/11\/UrnikKNJ-768x770.jpg 768w, https:\/\/www.osjenka.si\/ps-gorice\/wp-content\/uploads\/sites\/2\/2022\/11\/UrnikKNJ-800x802.jpg 800w, https:\/\/www.osjenka.si\/ps-gorice\/wp-content\/uploads\/sites\/2\/2022\/11\/UrnikKNJ.jpg 958w\" data-sizes=\"auto\" data-orig-sizes=\"(max-width: 600px) 100vw, 600px\" \/><\/p>\n","protected":false},"excerpt":{"rendered":"<p>URNIK IZPOSOJE P\u0160 GORI\u010cE TOREK 9.30 &#8211; 12.00 \u010cETRTEK 9.50 &#8211; 12.50<\/p>\n","protected":false},"author":3,"featured_media":0,"parent":0,"menu_order":0,"comment_status":"closed","ping_status":"closed","template":"100-width.php","meta":{"footnotes":""},"class_list":["post-2560","page","type-page","status-publish","hentry"],"yoast_head":"<!-- This site is optimized with the Yoast SEO plugin v19.11 - https:\/\/yoast.com\/wordpress\/plugins\/seo\/ -->\n<title>Urnik izposoje - P\u0160 Gori\u010de<\/title>\n<meta name=\"robots\" content=\"index, follow, max-snippet:-1, max-image-preview:large, max-video-preview:-1\" \/>\n<link rel=\"canonical\" href=\"https:\/\/www.osjenka.si\/ps-gorice\/urnik-izposoje\/\" \/>\n<meta property=\"og:locale\" content=\"sl_SI\" \/>\n<meta property=\"og:type\" content=\"article\" \/>\n<meta property=\"og:title\" content=\"Urnik izposoje - P\u0160 Gori\u010de\" \/>\n<meta property=\"og:description\" content=\"URNIK IZPOSOJE P\u0160 GORI\u010cE TOREK 9.30 &#8211; 12.00 \u010cETRTEK 9.50 &#8211; 12.50\" \/>\n<meta property=\"og:url\" content=\"https:\/\/www.osjenka.si\/ps-gorice\/urnik-izposoje\/\" \/>\n<meta property=\"og:site_name\" content=\"P\u0160 Gori\u010de\" \/>\n<meta property=\"article:modified_time\" content=\"2024-09-24T07:28:32+00:00\" \/>\n<meta property=\"og:image\" content=\"https:\/\/www.osjenka.si\/ps-gorice\/wp-content\/uploads\/sites\/2\/2022\/11\/UrnikKNJ-600x601.jpg\" \/>\n<meta name=\"twitter:card\" content=\"summary_large_image\" \/>\n<meta name=\"twitter:label1\" content=\"Est. reading time\" \/>\n\t<meta name=\"twitter:data1\" content=\"1 minuta\" \/>\n<script type=\"application\/ld+json\" class=\"yoast-schema-graph\">{\"@context\":\"https:\/\/schema.org\",\"@graph\":[{\"@type\":\"WebPage\",\"@id\":\"https:\/\/www.osjenka.si\/ps-gorice\/urnik-izposoje\/\",\"url\":\"https:\/\/www.osjenka.si\/ps-gorice\/urnik-izposoje\/\",\"name\":\"Urnik izposoje - P\u0160 Gori\u010de\",\"isPartOf\":{\"@id\":\"https:\/\/www.osjenka.si\/ps-gorice\/#website\"},\"datePublished\":\"2022-11-10T13:04:10+00:00\",\"dateModified\":\"2024-09-24T07:28:32+00:00\",\"breadcrumb\":{\"@id\":\"https:\/\/www.osjenka.si\/ps-gorice\/urnik-izposoje\/#breadcrumb\"},\"inLanguage\":\"sl-SI\",\"potentialAction\":[{\"@type\":\"ReadAction\",\"target\":[\"https:\/\/www.osjenka.si\/ps-gorice\/urnik-izposoje\/\"]}]},{\"@type\":\"BreadcrumbList\",\"@id\":\"https:\/\/www.osjenka.si\/ps-gorice\/urnik-izposoje\/#breadcrumb\",\"itemListElement\":[{\"@type\":\"ListItem\",\"position\":1,\"name\":\"Home\",\"item\":\"https:\/\/www.osjenka.si\/ps-gorice\/\"},{\"@type\":\"ListItem\",\"position\":2,\"name\":\"Urnik izposoje\"}]},{\"@type\":\"WebSite\",\"@id\":\"https:\/\/www.osjenka.si\/ps-gorice\/#website\",\"url\":\"https:\/\/www.osjenka.si\/ps-gorice\/\",\"name\":\"P\u0160 Gori\u010de\",\"description\":\"\",\"potentialAction\":[{\"@type\":\"SearchAction\",\"target\":{\"@type\":\"EntryPoint\",\"urlTemplate\":\"https:\/\/www.osjenka.si\/ps-gorice\/?s={search_term_string}\"},\"query-input\":\"required name=search_term_string\"}],\"inLanguage\":\"sl-SI\"}]}<\/script>\n<!-- \/ Yoast SEO plugin. -->","yoast_head_json":{"title":"Urnik izposoje - P\u0160 Gori\u010de","robots":{"index":"index","follow":"follow","max-snippet":"max-snippet:-1","max-image-preview":"max-image-preview:large","max-video-preview":"max-video-preview:-1"},"canonical":"https:\/\/www.osjenka.si\/ps-gorice\/urnik-izposoje\/","og_locale":"sl_SI","og_type":"article","og_title":"Urnik izposoje - P\u0160 Gori\u010de","og_description":"URNIK IZPOSOJE P\u0160 GORI\u010cE TOREK 9.30 &#8211; 12.00 \u010cETRTEK 9.50 &#8211; 12.50","og_url":"https:\/\/www.osjenka.si\/ps-gorice\/urnik-izposoje\/","og_site_name":"P\u0160 Gori\u010de","article_modified_time":"2024-09-24T07:28:32+00:00","og_image":[{"url":"https:\/\/www.osjenka.si\/ps-gorice\/wp-content\/uploads\/sites\/2\/2022\/11\/UrnikKNJ-600x601.jpg"}],"twitter_card":"summary_large_image","twitter_misc":{"Est. reading time":"1 minuta"},"schema":{"@context":"https:\/\/schema.org","@graph":[{"@type":"WebPage","@id":"https:\/\/www.osjenka.si\/ps-gorice\/urnik-izposoje\/","url":"https:\/\/www.osjenka.si\/ps-gorice\/urnik-izposoje\/","name":"Urnik izposoje - P\u0160 Gori\u010de","isPartOf":{"@id":"https:\/\/www.osjenka.si\/ps-gorice\/#website"},"datePublished":"2022-11-10T13:04:10+00:00","dateModified":"2024-09-24T07:28:32+00:00","breadcrumb":{"@id":"https:\/\/www.osjenka.si\/ps-gorice\/urnik-izposoje\/#breadcrumb"},"inLanguage":"sl-SI","potentialAction":[{"@type":"ReadAction","target":["https:\/\/www.osjenka.si\/ps-gorice\/urnik-izposoje\/"]}]},{"@type":"BreadcrumbList","@id":"https:\/\/www.osjenka.si\/ps-gorice\/urnik-izposoje\/#breadcrumb","itemListElement":[{"@type":"ListItem","position":1,"name":"Home","item":"https:\/\/www.osjenka.si\/ps-gorice\/"},{"@type":"ListItem","position":2,"name":"Urnik izposoje"}]},{"@type":"WebSite","@id":"https:\/\/www.osjenka.si\/ps-gorice\/#website","url":"https:\/\/www.osjenka.si\/ps-gorice\/","name":"P\u0160 Gori\u010de","description":"","potentialAction":[{"@type":"SearchAction","target":{"@type":"EntryPoint","urlTemplate":"https:\/\/www.osjenka.si\/ps-gorice\/?s={search_term_string}"},"query-input":"required name=search_term_string"}],"inLanguage":"sl-SI"}]}},"_links":{"self":[{"href":"https:\/\/www.osjenka.si\/ps-gorice\/wp-json\/wp\/v2\/pages\/2560","targetHints":{"allow":["GET"]}}],"collection":[{"href":"https:\/\/www.osjenka.si\/ps-gorice\/wp-json\/wp\/v2\/pages"}],"about":[{"href":"https:\/\/www.osjenka.si\/ps-gorice\/wp-json\/wp\/v2\/types\/page"}],"author":[{"embeddable":true,"href":"https:\/\/www.osjenka.si\/ps-gorice\/wp-json\/wp\/v2\/users\/3"}],"replies":[{"embeddable":true,"href":"https:\/\/www.osjenka.si\/ps-gorice\/wp-json\/wp\/v2\/comments?post=2560"}],"version-history":[{"count":5,"href":"https:\/\/www.osjenka.si\/ps-gorice\/wp-json\/wp\/v2\/pages\/2560\/revisions"}],"predecessor-version":[{"id":3913,"href":"https:\/\/www.osjenka.si\/ps-gorice\/wp-json\/wp\/v2\/pages\/2560\/revisions\/3913"}],"wp:attachment":[{"href":"https:\/\/www.osjenka.si\/ps-gorice\/wp-json\/wp\/v2\/media?parent=2560"}],"curies":[{"name":"wp","href":"https:\/\/api.w.org\/{rel}","templated":true}]}}