{"id":4003,"date":"2024-09-30T09:06:23","date_gmt":"2024-09-30T07:06:23","guid":{"rendered":"https:\/\/www.osjenka.si\/ps-trstenik\/?page_id=4003"},"modified":"2024-09-30T09:12:20","modified_gmt":"2024-09-30T07:12:20","slug":"zobne-ambulante","status":"publish","type":"page","link":"https:\/\/www.osjenka.si\/ps-trstenik\/ucenci\/zobne-ambulante\/","title":{"rendered":"Zobne ambulante"},"content":{"rendered":"<p>U\u010denci P\u0160 Trstenik ter otroci iz vrtca Je\u017eek od 3. leta starosti naprej imajo mo\u017enost vpisa v na\u0161o zobno ambulanto. Za ustno zdravje otrok bova skrbeli zobozdravnica Eva A\u017ebe, dr. dent. med. in zobna asistentka Metka Kozamernik.<\/p>\n<p>Za vpis ali pregled otroka lahko pokli\u010dete na: 04 2082 434 ali nam napi\u0161ete sporo\u010dilo na elektronsko po\u0161to: <a href=\"mailto:zob.amb.azbe@zd-kranj.si\">zob.amb.azbe@zd-kranj.si<\/a>.<\/p>\n<p>Zobna ambulanta se\u00a0 nahaja v kletnih prostorih Zobne poliklinike Kranj.<\/p>\n<table border=\"1\" cellspacing=\"10\" cellpadding=\"10\">\n<tbody>\n<tr>\n<td><strong><em>\u00a0<\/em><\/strong><\/td>\n<td><strong>dopoldan <\/strong><\/td>\n<td><strong>popoldan <\/strong><\/td>\n<\/tr>\n<tr>\n<td><em>Ponedeljek <\/em><\/td>\n<td><\/td>\n<td>12.30 \u2013 19.30<\/td>\n<\/tr>\n<tr>\n<td><em>Torek <\/em><\/td>\n<td>7.00 \u2013 14.00<\/td>\n<td><\/td>\n<\/tr>\n<tr>\n<td><em>Sreda <\/em><\/td>\n<td><\/td>\n<td>12.30 \u2013 19.30<\/td>\n<\/tr>\n<tr>\n<td><em>\u010cetrtek <\/em><\/td>\n<td>7.00 \u2013 14.00<\/td>\n<td><\/td>\n<\/tr>\n<tr>\n<td><em>Petek <\/em><\/td>\n<td>7.00 \u2013 14.00<\/td>\n<td><\/td>\n<\/tr>\n<\/tbody>\n<\/table>\n<p><img decoding=\"async\" class=\"lazyload alignnone size-medium wp-image-4007\" src=\"https:\/\/www.osjenka.si\/ps-trstenik\/wp-content\/uploads\/sites\/3\/2024\/09\/zobni-pregled-272x300.jpg\" data-orig-src=\"https:\/\/www.osjenka.si\/ps-trstenik\/wp-content\/uploads\/sites\/3\/2024\/09\/zobni-pregled-272x300.jpg\" alt=\"\" width=\"272\" height=\"300\" srcset=\"data:image\/svg+xml,%3Csvg%20xmlns%3D%27http%3A%2F%2Fwww.w3.org%2F2000%2Fsvg%27%20width%3D%27272%27%20height%3D%27300%27%20viewBox%3D%270%200%20272%20300%27%3E%3Crect%20width%3D%27272%27%20height%3D%27300%27%20fill-opacity%3D%220%22%2F%3E%3C%2Fsvg%3E\" data-srcset=\"https:\/\/www.osjenka.si\/ps-trstenik\/wp-content\/uploads\/sites\/3\/2024\/09\/zobni-pregled-200x221.jpg 200w, https:\/\/www.osjenka.si\/ps-trstenik\/wp-content\/uploads\/sites\/3\/2024\/09\/zobni-pregled-272x300.jpg 272w, https:\/\/www.osjenka.si\/ps-trstenik\/wp-content\/uploads\/sites\/3\/2024\/09\/zobni-pregled-400x441.jpg 400w, https:\/\/www.osjenka.si\/ps-trstenik\/wp-content\/uploads\/sites\/3\/2024\/09\/zobni-pregled.jpg 555w\" data-sizes=\"auto\" data-orig-sizes=\"(max-width: 272px) 100vw, 272px\" \/><\/p>\n","protected":false},"excerpt":{"rendered":"<p>U\u010denci P\u0160 Trstenik ter otroci iz vrtca Je\u017eek od 3. leta starosti naprej imajo mo\u017enost vpisa v na\u0161o zobno ambulanto. Za ustno zdravje otrok bova skrbeli zobozdravnica Eva A\u017ebe, dr. dent. med. in zobna asistentka Metka Kozamernik. Za vpis ali pregled otroka lahko pokli\u010dete na: 04 2082 434 ali nam napi\u0161ete sporo\u010dilo na elektronsko po\u0161to: zob.amb.azbe@zd-kranj.si. Zobna ambulanta se\u00a0 nahaja v kletnih prostorih Zobne poliklinike Kranj. \u00a0 dopoldan popoldan Ponedeljek 12.30 \u2013 19.30 Torek 7.00 \u2013 14.00 Sreda 12.30 \u2013 19.30 \u010cetrtek 7.00 \u2013 14.00 Petek 7.00 \u2013 14.00<\/p>\n","protected":false},"author":11,"featured_media":0,"parent":2311,"menu_order":23,"comment_status":"closed","ping_status":"closed","template":"","meta":{"footnotes":""},"class_list":["post-4003","page","type-page","status-publish","hentry"],"yoast_head":"<!-- This site is optimized with the Yoast SEO plugin v19.11 - https:\/\/yoast.com\/wordpress\/plugins\/seo\/ -->\n<title>Zobne ambulante - P\u0160 Trstenik<\/title>\n<meta name=\"robots\" content=\"index, follow, max-snippet:-1, max-image-preview:large, max-video-preview:-1\" \/>\n<link rel=\"canonical\" href=\"https:\/\/www.osjenka.si\/ps-trstenik\/ucenci\/zobne-ambulante\/\" \/>\n<meta property=\"og:locale\" content=\"sl_SI\" \/>\n<meta property=\"og:type\" content=\"article\" \/>\n<meta property=\"og:title\" content=\"Zobne ambulante - P\u0160 Trstenik\" \/>\n<meta property=\"og:description\" content=\"U\u010denci P\u0160 Trstenik ter otroci iz vrtca Je\u017eek od 3. leta starosti naprej imajo mo\u017enost vpisa v na\u0161o zobno ambulanto. Za ustno zdravje otrok bova skrbeli zobozdravnica Eva A\u017ebe, dr. dent. med. in zobna asistentka Metka Kozamernik. Za vpis ali pregled otroka lahko pokli\u010dete na: 04 2082 434 ali nam napi\u0161ete sporo\u010dilo na elektronsko po\u0161to: zob.amb.azbe@zd-kranj.si. Zobna ambulanta se\u00a0 nahaja v kletnih prostorih Zobne poliklinike Kranj. \u00a0 dopoldan popoldan Ponedeljek 12.30 \u2013 19.30 Torek 7.00 \u2013 14.00 Sreda 12.30 \u2013 19.30 \u010cetrtek 7.00 \u2013 14.00 Petek 7.00 \u2013 14.00\" \/>\n<meta property=\"og:url\" content=\"https:\/\/www.osjenka.si\/ps-trstenik\/ucenci\/zobne-ambulante\/\" \/>\n<meta property=\"og:site_name\" content=\"P\u0160 Trstenik\" \/>\n<meta property=\"article:modified_time\" content=\"2024-09-30T07:12:20+00:00\" \/>\n<meta property=\"og:image\" content=\"https:\/\/www.osjenka.si\/ps-trstenik\/wp-content\/uploads\/sites\/3\/2024\/09\/zobni-pregled-272x300.jpg\" \/>\n<meta name=\"twitter:card\" content=\"summary_large_image\" \/>\n<meta name=\"twitter:label1\" content=\"Est. reading time\" \/>\n\t<meta name=\"twitter:data1\" content=\"1 minuta\" \/>\n<script type=\"application\/ld+json\" class=\"yoast-schema-graph\">{\"@context\":\"https:\/\/schema.org\",\"@graph\":[{\"@type\":\"WebPage\",\"@id\":\"https:\/\/www.osjenka.si\/ps-trstenik\/ucenci\/zobne-ambulante\/\",\"url\":\"https:\/\/www.osjenka.si\/ps-trstenik\/ucenci\/zobne-ambulante\/\",\"name\":\"Zobne ambulante - P\u0160 Trstenik\",\"isPartOf\":{\"@id\":\"https:\/\/www.osjenka.si\/ps-trstenik\/#website\"},\"datePublished\":\"2024-09-30T07:06:23+00:00\",\"dateModified\":\"2024-09-30T07:12:20+00:00\",\"breadcrumb\":{\"@id\":\"https:\/\/www.osjenka.si\/ps-trstenik\/ucenci\/zobne-ambulante\/#breadcrumb\"},\"inLanguage\":\"sl-SI\",\"potentialAction\":[{\"@type\":\"ReadAction\",\"target\":[\"https:\/\/www.osjenka.si\/ps-trstenik\/ucenci\/zobne-ambulante\/\"]}]},{\"@type\":\"BreadcrumbList\",\"@id\":\"https:\/\/www.osjenka.si\/ps-trstenik\/ucenci\/zobne-ambulante\/#breadcrumb\",\"itemListElement\":[{\"@type\":\"ListItem\",\"position\":1,\"name\":\"Home\",\"item\":\"https:\/\/www.osjenka.si\/ps-trstenik\/\"},{\"@type\":\"ListItem\",\"position\":2,\"name\":\"U\u010denci\",\"item\":\"https:\/\/www.osjenka.si\/ps-trstenik\/ucenci\/\"},{\"@type\":\"ListItem\",\"position\":3,\"name\":\"Zobne ambulante\"}]},{\"@type\":\"WebSite\",\"@id\":\"https:\/\/www.osjenka.si\/ps-trstenik\/#website\",\"url\":\"https:\/\/www.osjenka.si\/ps-trstenik\/\",\"name\":\"P\u0160 Trstenik\",\"description\":\"\",\"potentialAction\":[{\"@type\":\"SearchAction\",\"target\":{\"@type\":\"EntryPoint\",\"urlTemplate\":\"https:\/\/www.osjenka.si\/ps-trstenik\/?s={search_term_string}\"},\"query-input\":\"required name=search_term_string\"}],\"inLanguage\":\"sl-SI\"}]}<\/script>\n<!-- \/ Yoast SEO plugin. -->","yoast_head_json":{"title":"Zobne ambulante - P\u0160 Trstenik","robots":{"index":"index","follow":"follow","max-snippet":"max-snippet:-1","max-image-preview":"max-image-preview:large","max-video-preview":"max-video-preview:-1"},"canonical":"https:\/\/www.osjenka.si\/ps-trstenik\/ucenci\/zobne-ambulante\/","og_locale":"sl_SI","og_type":"article","og_title":"Zobne ambulante - P\u0160 Trstenik","og_description":"U\u010denci P\u0160 Trstenik ter otroci iz vrtca Je\u017eek od 3. leta starosti naprej imajo mo\u017enost vpisa v na\u0161o zobno ambulanto. Za ustno zdravje otrok bova skrbeli zobozdravnica Eva A\u017ebe, dr. dent. med. in zobna asistentka Metka Kozamernik. Za vpis ali pregled otroka lahko pokli\u010dete na: 04 2082 434 ali nam napi\u0161ete sporo\u010dilo na elektronsko po\u0161to: zob.amb.azbe@zd-kranj.si. Zobna ambulanta se\u00a0 nahaja v kletnih prostorih Zobne poliklinike Kranj. \u00a0 dopoldan popoldan Ponedeljek 12.30 \u2013 19.30 Torek 7.00 \u2013 14.00 Sreda 12.30 \u2013 19.30 \u010cetrtek 7.00 \u2013 14.00 Petek 7.00 \u2013 14.00","og_url":"https:\/\/www.osjenka.si\/ps-trstenik\/ucenci\/zobne-ambulante\/","og_site_name":"P\u0160 Trstenik","article_modified_time":"2024-09-30T07:12:20+00:00","og_image":[{"url":"https:\/\/www.osjenka.si\/ps-trstenik\/wp-content\/uploads\/sites\/3\/2024\/09\/zobni-pregled-272x300.jpg"}],"twitter_card":"summary_large_image","twitter_misc":{"Est. reading time":"1 minuta"},"schema":{"@context":"https:\/\/schema.org","@graph":[{"@type":"WebPage","@id":"https:\/\/www.osjenka.si\/ps-trstenik\/ucenci\/zobne-ambulante\/","url":"https:\/\/www.osjenka.si\/ps-trstenik\/ucenci\/zobne-ambulante\/","name":"Zobne ambulante - P\u0160 Trstenik","isPartOf":{"@id":"https:\/\/www.osjenka.si\/ps-trstenik\/#website"},"datePublished":"2024-09-30T07:06:23+00:00","dateModified":"2024-09-30T07:12:20+00:00","breadcrumb":{"@id":"https:\/\/www.osjenka.si\/ps-trstenik\/ucenci\/zobne-ambulante\/#breadcrumb"},"inLanguage":"sl-SI","potentialAction":[{"@type":"ReadAction","target":["https:\/\/www.osjenka.si\/ps-trstenik\/ucenci\/zobne-ambulante\/"]}]},{"@type":"BreadcrumbList","@id":"https:\/\/www.osjenka.si\/ps-trstenik\/ucenci\/zobne-ambulante\/#breadcrumb","itemListElement":[{"@type":"ListItem","position":1,"name":"Home","item":"https:\/\/www.osjenka.si\/ps-trstenik\/"},{"@type":"ListItem","position":2,"name":"U\u010denci","item":"https:\/\/www.osjenka.si\/ps-trstenik\/ucenci\/"},{"@type":"ListItem","position":3,"name":"Zobne ambulante"}]},{"@type":"WebSite","@id":"https:\/\/www.osjenka.si\/ps-trstenik\/#website","url":"https:\/\/www.osjenka.si\/ps-trstenik\/","name":"P\u0160 Trstenik","description":"","potentialAction":[{"@type":"SearchAction","target":{"@type":"EntryPoint","urlTemplate":"https:\/\/www.osjenka.si\/ps-trstenik\/?s={search_term_string}"},"query-input":"required name=search_term_string"}],"inLanguage":"sl-SI"}]}},"_links":{"self":[{"href":"https:\/\/www.osjenka.si\/ps-trstenik\/wp-json\/wp\/v2\/pages\/4003","targetHints":{"allow":["GET"]}}],"collection":[{"href":"https:\/\/www.osjenka.si\/ps-trstenik\/wp-json\/wp\/v2\/pages"}],"about":[{"href":"https:\/\/www.osjenka.si\/ps-trstenik\/wp-json\/wp\/v2\/types\/page"}],"author":[{"embeddable":true,"href":"https:\/\/www.osjenka.si\/ps-trstenik\/wp-json\/wp\/v2\/users\/11"}],"replies":[{"embeddable":true,"href":"https:\/\/www.osjenka.si\/ps-trstenik\/wp-json\/wp\/v2\/comments?post=4003"}],"version-history":[{"count":5,"href":"https:\/\/www.osjenka.si\/ps-trstenik\/wp-json\/wp\/v2\/pages\/4003\/revisions"}],"predecessor-version":[{"id":4010,"href":"https:\/\/www.osjenka.si\/ps-trstenik\/wp-json\/wp\/v2\/pages\/4003\/revisions\/4010"}],"up":[{"embeddable":true,"href":"https:\/\/www.osjenka.si\/ps-trstenik\/wp-json\/wp\/v2\/pages\/2311"}],"wp:attachment":[{"href":"https:\/\/www.osjenka.si\/ps-trstenik\/wp-json\/wp\/v2\/media?parent=4003"}],"curies":[{"name":"wp","href":"https:\/\/api.w.org\/{rel}","templated":true}]}}